{"id":600,"date":"2024-10-15T13:18:23","date_gmt":"2024-10-15T13:18:23","guid":{"rendered":"https:\/\/fifo7s.com.br\/?page_id=600"},"modified":"2024-10-15T13:20:41","modified_gmt":"2024-10-15T13:20:41","slug":"accessibility","status":"publish","type":"page","link":"https:\/\/fifo7s.com.br\/en\/acessibilidade\/","title":{"rendered":"Accessibility"},"content":{"rendered":"<div data-elementor-type=\"wp-page\" data-elementor-id=\"600\" class=\"elementor elementor-600\" data-elementor-post-type=\"page\">\n\t\t\t\t<div class=\"elementor-element elementor-element-4bab5b6 e-con-full e-flex e-con e-parent\" data-id=\"4bab5b6\" data-element_type=\"container\" data-e-type=\"container\">\n\t\t\t\t<div class=\"elementor-element elementor-element-06d483c elementor-widget elementor-widget-shortcode\" data-id=\"06d483c\" data-element_type=\"widget\" data-e-type=\"widget\" data-widget_type=\"shortcode.default\">\n\t\t\t\t<div class=\"elementor-widget-container\">\n\t\t\t\t\t\t\t<div class=\"elementor-shortcode\">\t\t<div data-elementor-type=\"container\" data-elementor-id=\"68\" class=\"elementor elementor-68\" data-elementor-post-type=\"elementor_library\">\n\t\t\t\t<div class=\"elementor-element elementor-element-c2f3a46 e-flex e-con-boxed e-con e-parent\" data-id=\"c2f3a46\" data-element_type=\"container\" data-e-type=\"container\" data-settings=\"{&quot;background_background&quot;:&quot;classic&quot;}\">\n\t\t\t\t\t<div class=\"e-con-inner\">\n\t\t\t\t\t<\/div>\n\t\t\t\t<\/div>\n\t\t\t\t<\/div>\n\t\t<\/div>\n\t\t\t\t\t\t<\/div>\n\t\t\t\t<\/div>\n\t\t\t\t<\/div>\n\t\t<div class=\"elementor-element elementor-element-77ab737 e-flex e-con-boxed e-con e-parent\" data-id=\"77ab737\" data-element_type=\"container\" data-e-type=\"container\">\n\t\t\t\t\t<div class=\"e-con-inner\">\n\t\t\t\t<div class=\"elementor-element elementor-element-7816cf8 elementor-widget elementor-widget-heading\" data-id=\"7816cf8\" data-element_type=\"widget\" data-e-type=\"widget\" data-widget_type=\"heading.default\">\n\t\t\t\t<div class=\"elementor-widget-container\">\n\t\t\t\t\t<h2 class=\"elementor-heading-title elementor-size-default\">FIFO7S follows the recommendations of <br>\nweb accessibility\n<\/h2>\t\t\t\t<\/div>\n\t\t\t\t<\/div>\n\t\t<div class=\"elementor-element elementor-element-a8a8994 e-con-full e-flex e-con e-child\" data-id=\"a8a8994\" data-element_type=\"container\" data-e-type=\"container\">\n\t\t<div class=\"elementor-element elementor-element-6674a11 e-con-full e-flex e-con e-child\" data-id=\"6674a11\" data-element_type=\"container\" data-e-type=\"container\">\n\t\t\t\t<div class=\"elementor-element elementor-element-d542ebd elementor-widget elementor-widget-heading\" data-id=\"d542ebd\" data-element_type=\"widget\" data-e-type=\"widget\" data-widget_type=\"heading.default\">\n\t\t\t\t<div class=\"elementor-widget-container\">\n\t\t\t\t\t<h6 class=\"elementor-heading-title elementor-size-default\">International Federation of Football Soccer Society<\/h6>\t\t\t\t<\/div>\n\t\t\t\t<\/div>\n\t\t\t\t<div class=\"elementor-element elementor-element-33ac290 elementor-widget elementor-widget-text-editor\" data-id=\"33ac290\" data-element_type=\"widget\" data-e-type=\"widget\" data-widget_type=\"text-editor.default\">\n\t\t\t\t<div class=\"elementor-widget-container\">\n\t\t\t\t\t\t\t\t\t<p>The term accessibility means including people with disabilities in the participation of activities such as the use of products, services and information. Some examples are buildings with wheelchair ramps and toilets adapted for the disabled.<br \/><br \/>On the internet, accessibility refers mainly to the recommendations of the W3C's WCAG (World Content Accessibility Guide) and, in the case of the Brazilian government, to the e-MAG (Electronic Government Accessibility Model). The e-MAG is aligned with international recommendations, but establishes standards of accessible behavior for government websites.<br \/><br \/>At the top of FIFo7S there is an accessibility bar where you will find standardized navigation shortcuts and the option to change the contrast. These tools are available on all pages of the portal.<br \/><br \/>The federal government's shortcut standards are:<br \/><br \/>Pressing Alt + 1 on any page of the portal takes you directly to the beginning of the page's main content.<br \/><br \/>Pressing Alt + 2 on any page of the portal takes you directly to the start of the main menu.<br \/><br \/>Pressing Alt + 3 on any page of the portal takes you directly to its internal search.<br \/><br \/>In Firefox, instead of Alt + number, press Alt + Shift + number at the same time.<br \/><br \/>For Firefox on Mac OS, instead of Alt + Shift + number, simultaneously press Ctrl + Alt + number.<br \/><br \/>In Opera, the keys are Shift + Escape + number. By simply pressing Shift + Escape, the user will find a window with all the ACCESSKEY alternatives on the page.<br \/><br \/>At the end of this text, you can download some files that explain the term accessibility and how it should be implemented on websites.<br \/><br \/>Accessibility laws and decrees:<br \/><br \/>Decree No. 5.296 of December 2, 2004 (http:\/\/www.planalto.gov.br\/ccivil_03\/_Ato2004-2006\/2004\/Decreto\/D5296.htm).<br \/>Decree No. 6.949, of August 25, 2009 - Promulgates the International Convention on the Rights of Persons with Disabilities and its Optional Protocol, signed in New York on March 30, 2007 (http:\/\/www.planalto.gov.br\/ccivil_03\/_ato2007-2010\/2009\/decreto\/d6949.htm).<br \/>Decree No. 7.724, of May 16, 2012 - Regulates Law No. 12.527, which provides for access to information (http:\/\/www.planalto.gov.br\/ccivil_03\/_ato2011-2014\/2012\/Decreto\/D7724.htm).<br \/>E-Government Accessibility Model (http:\/\/www.governoeletronico.gov.br\/acoes-e-projetos\/e-MAG).<br \/>Ordinance No. 03, of May 7, 2007 - .pdf format (35.5Kb) - Institutionalizes the Electronic Government Accessibility Model - e-MAG (http:\/\/www.governoeletronico.gov.br\/biblioteca\/arquivos\/portaria-no-03-de-07-05-2007).<\/p>\t\t\t\t\t\t\t\t<\/div>\n\t\t\t\t<\/div>\n\t\t\t\t<\/div>\n\t\t\t\t<\/div>\n\t\t\t\t<div class=\"elementor-element elementor-element-bfdef2b elementor-widget elementor-widget-heading\" data-id=\"bfdef2b\" data-element_type=\"widget\" data-e-type=\"widget\" data-widget_type=\"heading.default\">\n\t\t\t\t<div class=\"elementor-widget-container\">\n\t\t\t\t\t<h2 class=\"elementor-heading-title elementor-size-default\">For Sport | For the World | For Life<\/h2>\t\t\t\t<\/div>\n\t\t\t\t<\/div>\n\t\t\t\t\t<\/div>\n\t\t\t\t<\/div>\n\t\t\t\t<\/div>","protected":false},"excerpt":{"rendered":"<p>A FIFO7S segue as recomenda\u00e7\u00f5es de acessibilidade indicadas para web FEDERA\u00c7\u00c3O INTERNACIONAL DE FOOTBALL SOCCER SOCIETY O termo acessibilidade significa incluir a pessoa com defici\u00eancia na participa\u00e7\u00e3o de atividades como o uso de produtos, servi\u00e7os e informa\u00e7\u00f5es. Alguns exemplos s\u00e3o os pr\u00e9dios com rampas de acesso para cadeira de rodas e banheiros adaptados para deficientes. [&hellip;]<\/p>\n","protected":false},"author":1,"featured_media":0,"parent":0,"menu_order":0,"comment_status":"closed","ping_status":"closed","template":"","meta":{"_joinchat":[],"footnotes":""},"class_list":["post-600","page","type-page","status-publish","hentry"],"_links":{"self":[{"href":"https:\/\/fifo7s.com.br\/en\/wp-json\/wp\/v2\/pages\/600","targetHints":{"allow":["GET"]}}],"collection":[{"href":"https:\/\/fifo7s.com.br\/en\/wp-json\/wp\/v2\/pages"}],"about":[{"href":"https:\/\/fifo7s.com.br\/en\/wp-json\/wp\/v2\/types\/page"}],"author":[{"embeddable":true,"href":"https:\/\/fifo7s.com.br\/en\/wp-json\/wp\/v2\/users\/1"}],"replies":[{"embeddable":true,"href":"https:\/\/fifo7s.com.br\/en\/wp-json\/wp\/v2\/comments?post=600"}],"version-history":[{"count":4,"href":"https:\/\/fifo7s.com.br\/en\/wp-json\/wp\/v2\/pages\/600\/revisions"}],"predecessor-version":[{"id":605,"href":"https:\/\/fifo7s.com.br\/en\/wp-json\/wp\/v2\/pages\/600\/revisions\/605"}],"wp:attachment":[{"href":"https:\/\/fifo7s.com.br\/en\/wp-json\/wp\/v2\/media?parent=600"}],"curies":[{"name":"wp","href":"https:\/\/api.w.org\/{rel}","templated":true}]}}