{"id":42,"date":"2024-09-18T21:29:44","date_gmt":"2024-09-18T21:29:44","guid":{"rendered":"https:\/\/fifo7s.com.br\/?page_id=42"},"modified":"2024-10-25T10:39:17","modified_gmt":"2024-10-25T13:39:17","slug":"quienes-somos","status":"publish","type":"page","link":"https:\/\/fifo7s.com.br\/es\/quem-somos\/","title":{"rendered":"Sobre"},"content":{"rendered":"<div data-elementor-type=\"wp-page\" data-elementor-id=\"42\" class=\"elementor elementor-42\" data-elementor-post-type=\"page\">\n\t\t\t\t<div class=\"elementor-element elementor-element-d197880 e-con-full e-flex e-con e-parent\" data-id=\"d197880\" data-element_type=\"container\" data-e-type=\"container\">\n\t\t\t\t<div class=\"elementor-element elementor-element-11c37ef elementor-widget elementor-widget-shortcode\" data-id=\"11c37ef\" data-element_type=\"widget\" data-e-type=\"widget\" data-widget_type=\"shortcode.default\">\n\t\t\t\t<div class=\"elementor-widget-container\">\n\t\t\t\t\t\t\t<div class=\"elementor-shortcode\">\t\t<div data-elementor-type=\"container\" data-elementor-id=\"68\" class=\"elementor elementor-68\" data-elementor-post-type=\"elementor_library\">\n\t\t\t\t<div class=\"elementor-element elementor-element-c2f3a46 e-flex e-con-boxed e-con e-parent\" data-id=\"c2f3a46\" data-element_type=\"container\" data-e-type=\"container\" data-settings=\"{&quot;background_background&quot;:&quot;classic&quot;}\">\n\t\t\t\t\t<div class=\"e-con-inner\">\n\t\t\t\t\t<\/div>\n\t\t\t\t<\/div>\n\t\t\t\t<\/div>\n\t\t<\/div>\n\t\t\t\t\t\t<\/div>\n\t\t\t\t<\/div>\n\t\t\t\t<\/div>\n\t\t<div class=\"elementor-element elementor-element-738f9ba e-flex e-con-boxed e-con e-parent\" data-id=\"738f9ba\" data-element_type=\"container\" data-e-type=\"container\">\n\t\t\t\t\t<div class=\"e-con-inner\">\n\t\t\t\t<div class=\"elementor-element elementor-element-1eed237 elementor-widget elementor-widget-heading\" data-id=\"1eed237\" data-element_type=\"widget\" data-e-type=\"widget\" data-widget_type=\"heading.default\">\n\t\t\t\t<div class=\"elementor-widget-container\">\n\t\t\t\t\t<h2 class=\"elementor-heading-title elementor-size-default\">\u00bfQu\u00e9 es FIFOS?<\/h2>\t\t\t\t<\/div>\n\t\t\t\t<\/div>\n\t\t<div class=\"elementor-element elementor-element-7814502 e-con-full e-flex e-con e-child\" data-id=\"7814502\" data-element_type=\"container\" data-e-type=\"container\">\n\t\t<div class=\"elementor-element elementor-element-b179973 e-con-full e-flex e-con e-child\" data-id=\"b179973\" data-element_type=\"container\" data-e-type=\"container\">\n\t\t\t\t<div class=\"elementor-element elementor-element-287a6cc elementor-widget elementor-widget-image\" data-id=\"287a6cc\" data-element_type=\"widget\" data-e-type=\"widget\" data-widget_type=\"image.default\">\n\t\t\t\t<div class=\"elementor-widget-container\">\n\t\t\t\t\t\t\t\t\t\t\t\t\t\t\t<img fetchpriority=\"high\" decoding=\"async\" width=\"800\" height=\"638\" src=\"https:\/\/fifo7s.com.br\/wp-content\/uploads\/2024\/10\/foto-aerea-campo-1024x817.png\" class=\"attachment-large size-large wp-image-612\" alt=\"\" srcset=\"https:\/\/fifo7s.com.br\/wp-content\/uploads\/2024\/10\/foto-aerea-campo-1024x817.png 1024w, https:\/\/fifo7s.com.br\/wp-content\/uploads\/2024\/10\/foto-aerea-campo-300x239.png 300w, https:\/\/fifo7s.com.br\/wp-content\/uploads\/2024\/10\/foto-aerea-campo-768x613.png 768w, https:\/\/fifo7s.com.br\/wp-content\/uploads\/2024\/10\/foto-aerea-campo.png 1052w\" sizes=\"(max-width: 800px) 100vw, 800px\" \/>\t\t\t\t\t\t\t\t\t\t\t\t\t\t\t<\/div>\n\t\t\t\t<\/div>\n\t\t\t\t<\/div>\n\t\t<div class=\"elementor-element elementor-element-69591ae e-con-full e-flex e-con e-child\" data-id=\"69591ae\" data-element_type=\"container\" data-e-type=\"container\">\n\t\t\t\t<div class=\"elementor-element elementor-element-6298ef5 elementor-widget elementor-widget-heading\" data-id=\"6298ef5\" data-element_type=\"widget\" data-e-type=\"widget\" data-widget_type=\"heading.default\">\n\t\t\t\t<div class=\"elementor-widget-container\">\n\t\t\t\t\t<h6 class=\"elementor-heading-title elementor-size-default\">Federaci\u00f3n Internacional de F\u00fatbol Soccer Society<\/h6>\t\t\t\t<\/div>\n\t\t\t\t<\/div>\n\t\t\t\t<div class=\"elementor-element elementor-element-4996256 elementor-widget elementor-widget-text-editor\" data-id=\"4996256\" data-element_type=\"widget\" data-e-type=\"widget\" data-widget_type=\"text-editor.default\">\n\t\t\t\t<div class=\"elementor-widget-container\">\n\t\t\t\t\t\t\t\t\t<p>La fundaci\u00f3n de la Federaci\u00f3n Internacional de F\u00fatbol 7 Society en 2004 se hizo necesaria debido a la amplia pr\u00e1ctica del F\u00fatbol 7 en diversos pa\u00edses. Adem\u00e1s, se public\u00f3 un libro en cuatro idiomas \u2014 portugu\u00e9s, franc\u00e9s, espa\u00f1ol e ingl\u00e9s \u2014 para satisfacer la gran demanda mundial de conocimiento de las Reglas Internacionales Oficiales.<\/p><p>A continuaci\u00f3n, iniciamos la segunda etapa: solicitamos el registro en la GAISF (Asociaci\u00f3n General de Federaciones Internacionales de Deportes), que agrupa a federaciones internacionales de deportes y otras asociaciones globales con el objetivo de promover la cooperaci\u00f3n entre ellas, coordinar sus actividades y mejorar la difusi\u00f3n de informaci\u00f3n. Con esto, estamos enfocados en el desarrollo continuo de FIFOS.<\/p><p>En 2015, atendiendo a las exigencias de las leyes deportivas nacionales y con el objetivo de adaptarnos a ellas, modificamos nuestros estatutos para incluir variaciones del f\u00fatbol. Aprovechamos esta oportunidad para cambiar el nombre de nuestra organizaci\u00f3n a Federaci\u00f3n Internacional de F\u00fatbol Soccer Society.<\/p>\t\t\t\t\t\t\t\t<\/div>\n\t\t\t\t<\/div>\n\t\t\t\t<\/div>\n\t\t\t\t<\/div>\n\t\t\t\t<div class=\"elementor-element elementor-element-735b304 elementor-widget elementor-widget-heading\" data-id=\"735b304\" data-element_type=\"widget\" data-e-type=\"widget\" data-widget_type=\"heading.default\">\n\t\t\t\t<div class=\"elementor-widget-container\">\n\t\t\t\t\t<h2 class=\"elementor-heading-title elementor-size-default\">Por el deporte | Por el mundo | Por la vida<\/h2>\t\t\t\t<\/div>\n\t\t\t\t<\/div>\n\t\t\t\t\t<\/div>\n\t\t\t\t<\/div>\n\t\t<div class=\"elementor-element elementor-element-f749174 e-flex e-con-boxed e-con e-parent\" data-id=\"f749174\" data-element_type=\"container\" data-e-type=\"container\" data-settings=\"{&quot;background_background&quot;:&quot;classic&quot;}\">\n\t\t\t\t\t<div class=\"e-con-inner\">\n\t\t<div class=\"elementor-element elementor-element-79416ee e-flex e-con-boxed e-con e-child\" data-id=\"79416ee\" data-element_type=\"container\" data-e-type=\"container\">\n\t\t\t\t\t<div class=\"e-con-inner\">\n\t\t\t\t<div class=\"elementor-element elementor-element-44d0a9e elementor-widget elementor-widget-heading\" data-id=\"44d0a9e\" data-element_type=\"widget\" data-e-type=\"widget\" data-widget_type=\"heading.default\">\n\t\t\t\t<div class=\"elementor-widget-container\">\n\t\t\t\t\t<h2 class=\"elementor-heading-title elementor-size-default\">Presidente de Honor - In Memoriam<\/h2>\t\t\t\t<\/div>\n\t\t\t\t<\/div>\n\t\t\t\t<div class=\"elementor-element elementor-element-01ebb39 elementor-widget elementor-widget-heading\" data-id=\"01ebb39\" data-element_type=\"widget\" data-e-type=\"widget\" data-widget_type=\"heading.default\">\n\t\t\t\t<div class=\"elementor-widget-container\">\n\t\t\t\t\t<h2 class=\"elementor-heading-title elementor-size-default\">MILTON MATTANI<\/h2>\t\t\t\t<\/div>\n\t\t\t\t<\/div>\n\t\t\t\t<div class=\"elementor-element elementor-element-309935d elementor-widget elementor-widget-image\" data-id=\"309935d\" data-element_type=\"widget\" data-e-type=\"widget\" data-widget_type=\"image.default\">\n\t\t\t\t<div class=\"elementor-widget-container\">\n\t\t\t\t\t\t\t\t\t\t\t\t\t\t\t<img decoding=\"async\" width=\"413\" height=\"824\" src=\"https:\/\/fifo7s.com.br\/wp-content\/uploads\/2024\/10\/WhatsApp-Image-2024-10-17-at-15.02.36-e1729726005628.jpeg\" class=\"attachment-large size-large wp-image-1058\" alt=\"\" srcset=\"https:\/\/fifo7s.com.br\/wp-content\/uploads\/2024\/10\/WhatsApp-Image-2024-10-17-at-15.02.36-e1729726005628.jpeg 413w, https:\/\/fifo7s.com.br\/wp-content\/uploads\/2024\/10\/WhatsApp-Image-2024-10-17-at-15.02.36-e1729726005628-150x300.jpeg 150w\" sizes=\"(max-width: 413px) 100vw, 413px\" \/>\t\t\t\t\t\t\t\t\t\t\t\t\t\t\t<\/div>\n\t\t\t\t<\/div>\n\t\t\t\t<div class=\"elementor-element elementor-element-0411016 elementor-align-center elementor-widget elementor-widget-button\" data-id=\"0411016\" data-element_type=\"widget\" data-e-type=\"widget\" data-widget_type=\"button.default\">\n\t\t\t\t<div class=\"elementor-widget-container\">\n\t\t\t\t\t\t\t\t\t<div class=\"elementor-button-wrapper\">\n\t\t\t\t\t<a class=\"elementor-button elementor-button-link elementor-size-sm\" href=\"https:\/\/fifo7s.com.br\/wp-content\/uploads\/2024\/10\/Esporte-de-Criacao-Nacional-FUTEBOL-7-SOCIETY-Registro-Cartorio.pdf\" target=\"_blank\">\n\t\t\t\t\t\t<span class=\"elementor-button-content-wrapper\">\n\t\t\t\t\t\t<span class=\"elementor-button-icon\">\n\t\t\t\t<svg aria-hidden=\"true\" class=\"e-font-icon-svg e-fas-file-pdf\" viewbox=\"0 0 384 512\" xmlns=\"http:\/\/www.w3.org\/2000\/svg\"><path d=\"M181.9 256.1c-5-16-4.9-46.9-2-46.9 8.4 0 7.6 36.9 2 46.9zm-1.7 47.2c-7.7 20.2-17.3 43.3-28.4 62.7 18.3-7 39-17.2 62.9-21.9-12.7-9.6-24.9-23.4-34.5-40.8zM86.1 428.1c0 .8 13.2-5.4 34.9-40.2-6.7 6.3-29.1 24.5-34.9 40.2zM248 160h136v328c0 13.3-10.7 24-24 24H24c-13.3 0-24-10.7-24-24V24C0 10.7 10.7 0 24 0h200v136c0 13.2 10.8 24 24 24zm-8 171.8c-20-12.2-33.3-29-42.7-53.8 4.5-18.5 11.6-46.6 6.2-64.2-4.7-29.4-42.4-26.5-47.8-6.8-5 18.3-.4 44.1 8.1 77-11.6 27.6-28.7 64.6-40.8 85.8-.1 0-.1.1-.2.1-27.1 13.9-73.6 44.5-54.5 68 5.6 6.9 16 10 21.5 10 17.9 0 35.7-18 61.1-61.8 25.8-8.5 54.1-19.1 79-23.2 21.7 11.8 47.1 19.5 64 19.5 29.2 0 31.2-32 19.7-43.4-13.9-13.6-54.3-9.7-73.6-7.2zM377 105L279 7c-4.5-4.5-10.6-7-17-7h-6v128h128v-6.1c0-6.3-2.5-12.4-7-16.9zm-74.1 255.3c4.1-2.7-2.5-11.9-42.8-9 37.1 15.8 42.8 9 42.8 9z\"><\/path><\/svg>\t\t\t<\/span>\n\t\t\t\t\t\t\t\t\t<span class=\"elementor-button-text\">DEPORTE NACIONAL DE CR\u00cdA<\/span>\n\t\t\t\t\t<\/span>\n\t\t\t\t\t<\/a>\n\t\t\t\t<\/div>\n\t\t\t\t\t\t\t\t<\/div>\n\t\t\t\t<\/div>\n\t\t\t\t\t<\/div>\n\t\t\t\t<\/div>\n\t\t\t\t\t<\/div>\n\t\t\t\t<\/div>\n\t\t<div class=\"elementor-element elementor-element-a99d5f5 e-flex e-con-boxed e-con e-parent\" data-id=\"a99d5f5\" data-element_type=\"container\" data-e-type=\"container\">\n\t\t\t\t\t<div class=\"e-con-inner\">\n\t\t\t\t<div class=\"elementor-element elementor-element-3afe729 elementor-widget elementor-widget-heading\" data-id=\"3afe729\" data-element_type=\"widget\" data-e-type=\"widget\" data-widget_type=\"heading.default\">\n\t\t\t\t<div class=\"elementor-widget-container\">\n\t\t\t\t\t<h2 class=\"elementor-heading-title elementor-size-default\">Junta Directiva<\/h2>\t\t\t\t<\/div>\n\t\t\t\t<\/div>\n\t\t<div class=\"elementor-element elementor-element-9f466ee e-con-full e-flex e-con e-child\" data-id=\"9f466ee\" data-element_type=\"container\" data-e-type=\"container\">\n\t\t<div class=\"elementor-element elementor-element-f96296c e-con-full e-flex e-con e-child\" data-id=\"f96296c\" data-element_type=\"container\" data-e-type=\"container\">\n\t\t\t\t<div class=\"elementor-element elementor-element-eab8e38 elementor-widget elementor-widget-heading\" data-id=\"eab8e38\" data-element_type=\"widget\" data-e-type=\"widget\" data-widget_type=\"heading.default\">\n\t\t\t\t<div class=\"elementor-widget-container\">\n\t\t\t\t\t<h6 class=\"elementor-heading-title elementor-size-default\">Administraci\u00f3n: Octubre de 2020 a Octubre de 2024<\/h6>\t\t\t\t<\/div>\n\t\t\t\t<\/div>\n\t\t\t\t<div class=\"elementor-element elementor-element-9a3be91 elementor-widget elementor-widget-text-editor\" data-id=\"9a3be91\" data-element_type=\"widget\" data-e-type=\"widget\" data-widget_type=\"text-editor.default\">\n\t\t\t\t<div class=\"elementor-widget-container\">\n\t\t\t\t\t\t\t\t\t<table><tbody><tr><td><img decoding=\"async\" class=\"alignnone size-medium wp-image-609\" src=\"https:\/\/fifo7s.com.br\/wp-content\/uploads\/2024\/10\/PHOTO-2024-09-19-11-10-01-229x300.jpg\" alt=\"\" width=\"229\" height=\"300\" srcset=\"https:\/\/fifo7s.com.br\/wp-content\/uploads\/2024\/10\/PHOTO-2024-09-19-11-10-01-229x300.jpg 229w, https:\/\/fifo7s.com.br\/wp-content\/uploads\/2024\/10\/PHOTO-2024-09-19-11-10-01.jpg 768w\" sizes=\"(max-width: 229px) 100vw, 229px\" \/><\/td><td><img loading=\"lazy\" decoding=\"async\" class=\"alignnone wp-image-610 size-medium\" src=\"https:\/\/fifo7s.com.br\/wp-content\/uploads\/2024\/10\/PHOTO-2024-09-19-13-02-24-e1728998839149-264x300.jpg\" alt=\"\" width=\"264\" height=\"300\" srcset=\"https:\/\/fifo7s.com.br\/wp-content\/uploads\/2024\/10\/PHOTO-2024-09-19-13-02-24-e1728998839149-264x300.jpg 264w, https:\/\/fifo7s.com.br\/wp-content\/uploads\/2024\/10\/PHOTO-2024-09-19-13-02-24-e1728998839149.jpg 564w\" sizes=\"(max-width: 264px) 100vw, 264px\" \/><\/td><\/tr><tr><td><strong>Presidencia<\/strong> <br \/>Marcello Cordeiro Sangiovanni<\/td><td><p><strong>Vicepresidencia:<\/strong> <\/p><p>Lauro Henrique Andrade<\/p><\/td><\/tr><\/tbody><\/table><p><strong>Consejo Fiscal<\/strong><\/p><p><strong>Efectivo<\/strong><\/p><p>Vasilio Dimov<br \/><span style=\"color: var( --e-global-color-text ); font-family: var( --e-global-typography-text-font-family ), Sans-serif; font-weight: var( --e-global-typography-text-font-weight ); font-size: 1rem;\">Rodrigo Ramos da Silva<br \/><\/span><span style=\"color: var( --e-global-color-text ); font-family: var( --e-global-typography-text-font-family ), Sans-serif; font-size: 1rem; font-weight: var( --e-global-typography-text-font-weight );\">Carlos Celso Carmona<\/span><\/p><p><strong>Suplentes<\/strong><\/p><p>Anete Lima Rezak<br \/>Ricardo Rodrigues Moreira<br \/>Ricardo Jos\u00e9 de Oliveira Paiva<\/p>\t\t\t\t\t\t\t\t<\/div>\n\t\t\t\t<\/div>\n\t\t\t\t<\/div>\n\t\t\t\t<\/div>\n\t\t\t\t\t<\/div>\n\t\t\t\t<\/div>\n\t\t\t\t<\/div>","protected":false},"excerpt":{"rendered":"<p>O que \u00e9 a FIFOS? FEDERA\u00c7\u00c3O INTERNACIONAL DE FOOTBALL SOCCER SOCIETY A funda\u00e7\u00e3o da Federa\u00e7\u00e3o Internacional de Football 7 Society em 2004 tornou-se necess\u00e1ria devido \u00e0 ampla pr\u00e1tica do Futebol 7 em diversos pa\u00edses. Al\u00e9m disso, foi realizada a publica\u00e7\u00e3o de um livro em quatro idiomas \u2014 Portugu\u00eas, Franc\u00eas, Espanhol e Ingl\u00eas \u2014 para atender [&hellip;]<\/p>\n","protected":false},"author":1,"featured_media":0,"parent":0,"menu_order":0,"comment_status":"closed","ping_status":"closed","template":"","meta":{"_joinchat":[],"footnotes":""},"class_list":["post-42","page","type-page","status-publish","hentry"],"_links":{"self":[{"href":"https:\/\/fifo7s.com.br\/es\/wp-json\/wp\/v2\/pages\/42","targetHints":{"allow":["GET"]}}],"collection":[{"href":"https:\/\/fifo7s.com.br\/es\/wp-json\/wp\/v2\/pages"}],"about":[{"href":"https:\/\/fifo7s.com.br\/es\/wp-json\/wp\/v2\/types\/page"}],"author":[{"embeddable":true,"href":"https:\/\/fifo7s.com.br\/es\/wp-json\/wp\/v2\/users\/1"}],"replies":[{"embeddable":true,"href":"https:\/\/fifo7s.com.br\/es\/wp-json\/wp\/v2\/comments?post=42"}],"version-history":[{"count":5,"href":"https:\/\/fifo7s.com.br\/es\/wp-json\/wp\/v2\/pages\/42\/revisions"}],"predecessor-version":[{"id":1102,"href":"https:\/\/fifo7s.com.br\/es\/wp-json\/wp\/v2\/pages\/42\/revisions\/1102"}],"wp:attachment":[{"href":"https:\/\/fifo7s.com.br\/es\/wp-json\/wp\/v2\/media?parent=42"}],"curies":[{"name":"wp","href":"https:\/\/api.w.org\/{rel}","templated":true}]}}