{"id":600,"date":"2024-10-15T13:18:23","date_gmt":"2024-10-15T13:18:23","guid":{"rendered":"https:\/\/fifo7s.com.br\/?page_id=600"},"modified":"2024-10-15T13:20:41","modified_gmt":"2024-10-15T13:20:41","slug":"accesibilidad","status":"publish","type":"page","link":"https:\/\/fifo7s.com.br\/es\/acessibilidade\/","title":{"rendered":"Accesibilidad"},"content":{"rendered":"<div data-elementor-type=\"wp-page\" data-elementor-id=\"600\" class=\"elementor elementor-600\" data-elementor-post-type=\"page\">\n\t\t\t\t<div class=\"elementor-element elementor-element-4bab5b6 e-con-full e-flex e-con e-parent\" data-id=\"4bab5b6\" data-element_type=\"container\" data-e-type=\"container\">\n\t\t\t\t<div class=\"elementor-element elementor-element-06d483c elementor-widget elementor-widget-shortcode\" data-id=\"06d483c\" data-element_type=\"widget\" data-e-type=\"widget\" data-widget_type=\"shortcode.default\">\n\t\t\t\t<div class=\"elementor-widget-container\">\n\t\t\t\t\t\t\t<div class=\"elementor-shortcode\">\t\t<div data-elementor-type=\"container\" data-elementor-id=\"68\" class=\"elementor elementor-68\" data-elementor-post-type=\"elementor_library\">\n\t\t\t\t<div class=\"elementor-element elementor-element-c2f3a46 e-flex e-con-boxed e-con e-parent\" data-id=\"c2f3a46\" data-element_type=\"container\" data-e-type=\"container\" data-settings=\"{&quot;background_background&quot;:&quot;classic&quot;}\">\n\t\t\t\t\t<div class=\"e-con-inner\">\n\t\t\t\t\t<\/div>\n\t\t\t\t<\/div>\n\t\t\t\t<\/div>\n\t\t<\/div>\n\t\t\t\t\t\t<\/div>\n\t\t\t\t<\/div>\n\t\t\t\t<\/div>\n\t\t<div class=\"elementor-element elementor-element-77ab737 e-flex e-con-boxed e-con e-parent\" data-id=\"77ab737\" data-element_type=\"container\" data-e-type=\"container\">\n\t\t\t\t\t<div class=\"e-con-inner\">\n\t\t\t\t<div class=\"elementor-element elementor-element-7816cf8 elementor-widget elementor-widget-heading\" data-id=\"7816cf8\" data-element_type=\"widget\" data-e-type=\"widget\" data-widget_type=\"heading.default\">\n\t\t\t\t<div class=\"elementor-widget-container\">\n\t\t\t\t\t<h2 class=\"elementor-heading-title elementor-size-default\">FIFO7S sigue las recomendaciones de <br>\nconsejos de accesibilidad web\n<\/h2>\t\t\t\t<\/div>\n\t\t\t\t<\/div>\n\t\t<div class=\"elementor-element elementor-element-a8a8994 e-con-full e-flex e-con e-child\" data-id=\"a8a8994\" data-element_type=\"container\" data-e-type=\"container\">\n\t\t<div class=\"elementor-element elementor-element-6674a11 e-con-full e-flex e-con e-child\" data-id=\"6674a11\" data-element_type=\"container\" data-e-type=\"container\">\n\t\t\t\t<div class=\"elementor-element elementor-element-d542ebd elementor-widget elementor-widget-heading\" data-id=\"d542ebd\" data-element_type=\"widget\" data-e-type=\"widget\" data-widget_type=\"heading.default\">\n\t\t\t\t<div class=\"elementor-widget-container\">\n\t\t\t\t\t<h6 class=\"elementor-heading-title elementor-size-default\">Federaci\u00f3n Internacional de F\u00fatbol Soccer Society<\/h6>\t\t\t\t<\/div>\n\t\t\t\t<\/div>\n\t\t\t\t<div class=\"elementor-element elementor-element-33ac290 elementor-widget elementor-widget-text-editor\" data-id=\"33ac290\" data-element_type=\"widget\" data-e-type=\"widget\" data-widget_type=\"text-editor.default\">\n\t\t\t\t<div class=\"elementor-widget-container\">\n\t\t\t\t\t\t\t\t\t<p>El t\u00e9rmino accesibilidad significa incluir a las personas con discapacidad en la participaci\u00f3n de actividades como el uso de productos, servicios e informaci\u00f3n. Algunos ejemplos son edificios con rampas para sillas de ruedas y aseos adaptados para discapacitados.<br \/><br \/>En Internet, la accesibilidad se refiere principalmente a las recomendaciones de la WCAG (World Content Accessibility Guide) del W3C y, en el caso del gobierno brasile\u00f1o, al e-MAG (Electronic Government Accessibility Model). El e-MAG est\u00e1 alineado con las recomendaciones internacionales, pero establece normas de comportamiento accesible para los sitios web gubernamentales.<br \/><br \/>En la parte superior de FIFo7S hay una barra de accesibilidad en la que encontrar\u00e1 atajos de navegaci\u00f3n normalizados y la opci\u00f3n de cambiar el contraste. Estas herramientas est\u00e1n disponibles en todas las p\u00e1ginas del portal.<br \/><br \/>Las normas de atajo del gobierno federal son:<br \/><br \/>Pulsando Alt + 1 en cualquier p\u00e1gina del portal se accede directamente al principio del contenido principal de la p\u00e1gina.<br \/><br \/>Pulsando Alt + 2 en cualquier p\u00e1gina del portal se accede directamente al inicio del men\u00fa principal.<br \/><br \/>Pulsando Alt + 3 en cualquier p\u00e1gina del portal se accede directamente a su b\u00fasqueda interna.<br \/><br \/>En el caso de Firefox, en lugar de Alt + n\u00famero, pulsa Alt + May\u00fasculas + n\u00famero al mismo tiempo.<br \/><br \/>Para Firefox en Mac OS, en lugar de Alt + May\u00fasculas + n\u00famero, pulse simult\u00e1neamente Ctrl + Alt + n\u00famero.<br \/><br \/>En Opera, las teclas son Shift + Escape + n\u00famero. Si s\u00f3lo pulsa May\u00fas + Escape, encontrar\u00e1 una ventana con todas las alternativas de ACCESSKEY en la p\u00e1gina.<br \/><br \/>Al final de este texto, puede descargar algunos archivos que explican el t\u00e9rmino accesibilidad y c\u00f3mo debe implantarse en los sitios web.<br \/><br \/>Leyes y decretos sobre accesibilidad:<br \/><br \/>Decreto n\u00ba 5.296 de 2 de diciembre de 2004 (http:\/\/www.planalto.gov.br\/ccivil_03\/_Ato2004-2006\/2004\/Decreto\/D5296.htm).<br \/>Decreto n\u00ba 6.949, de 25 de agosto de 2009 - Promulga la Convenci\u00f3n Internacional sobre los Derechos de las Personas con Discapacidad y su Protocolo Facultativo, firmados en Nueva York el 30 de marzo de 2007 (http:\/\/www.planalto.gov.br\/ccivil_03\/_ato2007-2010\/2009\/decreto\/d6949.htm).<br \/>Decreto n\u00ba 7.724, de 16 de mayo de 2012 - Reglamenta la Ley n\u00ba 12.527, que prev\u00e9 el acceso a la informaci\u00f3n (http:\/\/www.planalto.gov.br\/ccivil_03\/_ato2011-2014\/2012\/Decreto\/D7724.htm).<br \/>Modelo de Accesibilidad a la Administraci\u00f3n Electr\u00f3nica (http:\/\/www.governoeletronico.gov.br\/acoes-e-projetos\/e-MAG).<br \/>Ordenanza n\u00ba 03, de 07 de mayo de 2007 - formato .pdf (35,5Kb) - Institucionaliza el Modelo de Accesibilidad del Gobierno Electr\u00f3nico - e-MAG (http:\/\/www.governoeletronico.gov.br\/biblioteca\/arquivos\/portaria-no-03-de-07-05-2007).<\/p>\t\t\t\t\t\t\t\t<\/div>\n\t\t\t\t<\/div>\n\t\t\t\t<\/div>\n\t\t\t\t<\/div>\n\t\t\t\t<div class=\"elementor-element elementor-element-bfdef2b elementor-widget elementor-widget-heading\" data-id=\"bfdef2b\" data-element_type=\"widget\" data-e-type=\"widget\" data-widget_type=\"heading.default\">\n\t\t\t\t<div class=\"elementor-widget-container\">\n\t\t\t\t\t<h2 class=\"elementor-heading-title elementor-size-default\">Por el deporte | Por el mundo | Por la vida<\/h2>\t\t\t\t<\/div>\n\t\t\t\t<\/div>\n\t\t\t\t\t<\/div>\n\t\t\t\t<\/div>\n\t\t\t\t<\/div>","protected":false},"excerpt":{"rendered":"<p>A FIFO7S segue as recomenda\u00e7\u00f5es de acessibilidade indicadas para web FEDERA\u00c7\u00c3O INTERNACIONAL DE FOOTBALL SOCCER SOCIETY O termo acessibilidade significa incluir a pessoa com defici\u00eancia na participa\u00e7\u00e3o de atividades como o uso de produtos, servi\u00e7os e informa\u00e7\u00f5es. Alguns exemplos s\u00e3o os pr\u00e9dios com rampas de acesso para cadeira de rodas e banheiros adaptados para deficientes. [&hellip;]<\/p>\n","protected":false},"author":1,"featured_media":0,"parent":0,"menu_order":0,"comment_status":"closed","ping_status":"closed","template":"","meta":{"_joinchat":[],"footnotes":""},"class_list":["post-600","page","type-page","status-publish","hentry"],"_links":{"self":[{"href":"https:\/\/fifo7s.com.br\/es\/wp-json\/wp\/v2\/pages\/600","targetHints":{"allow":["GET"]}}],"collection":[{"href":"https:\/\/fifo7s.com.br\/es\/wp-json\/wp\/v2\/pages"}],"about":[{"href":"https:\/\/fifo7s.com.br\/es\/wp-json\/wp\/v2\/types\/page"}],"author":[{"embeddable":true,"href":"https:\/\/fifo7s.com.br\/es\/wp-json\/wp\/v2\/users\/1"}],"replies":[{"embeddable":true,"href":"https:\/\/fifo7s.com.br\/es\/wp-json\/wp\/v2\/comments?post=600"}],"version-history":[{"count":4,"href":"https:\/\/fifo7s.com.br\/es\/wp-json\/wp\/v2\/pages\/600\/revisions"}],"predecessor-version":[{"id":605,"href":"https:\/\/fifo7s.com.br\/es\/wp-json\/wp\/v2\/pages\/600\/revisions\/605"}],"wp:attachment":[{"href":"https:\/\/fifo7s.com.br\/es\/wp-json\/wp\/v2\/media?parent=600"}],"curies":[{"name":"wp","href":"https:\/\/api.w.org\/{rel}","templated":true}]}}